{"id":1197,"date":"2024-01-31T20:39:10","date_gmt":"2024-01-31T18:39:10","guid":{"rendered":"https:\/\/blueaqua-gdc.com\/equipe-et-gestion\/"},"modified":"2025-05-21T11:01:31","modified_gmt":"2025-05-21T08:01:31","slug":"equipe-et-gestion","status":"publish","type":"page","link":"https:\/\/blueaqua-gdc.com\/fr\/equipe-et-gestion\/","title":{"rendered":"\u00c9quipe et gestion"},"content":{"rendered":"\t\t<div data-elementor-type=\"wp-page\" data-elementor-id=\"1197\" class=\"elementor elementor-1197 elementor-191\" data-elementor-post-type=\"page\">\n\t\t\t\t\t\t<section class=\"elementor-section elementor-top-section elementor-element elementor-element-69c5809 elementor-section-boxed elementor-section-height-default elementor-section-height-default\" data-id=\"69c5809\" data-element_type=\"section\" data-e-type=\"section\" data-settings=\"{&quot;background_background&quot;:&quot;classic&quot;}\">\n\t\t\t\t\t\t<div class=\"elementor-container elementor-column-gap-default\">\n\t\t\t\t\t<div class=\"elementor-column elementor-col-100 elementor-top-column elementor-element elementor-element-f8acc07\" data-id=\"f8acc07\" data-element_type=\"column\" data-e-type=\"column\">\n\t\t\t<div class=\"elementor-widget-wrap elementor-element-populated\">\n\t\t\t\t\t\t<div class=\"elementor-element elementor-element-18b02f1 elementor-widget elementor-widget-heading\" data-id=\"18b02f1\" data-element_type=\"widget\" data-e-type=\"widget\" data-widget_type=\"heading.default\">\n\t\t\t\t<div class=\"elementor-widget-container\">\n\t\t\t\t\t<h1 class=\"elementor-heading-title elementor-size-default\">Notre \u00e9quipe<\/h1>\t\t\t\t<\/div>\n\t\t\t\t<\/div>\n\t\t\t\t\t<\/div>\n\t\t<\/div>\n\t\t\t\t\t<\/div>\n\t\t<\/section>\n\t\t\t\t<section class=\"elementor-section elementor-top-section elementor-element elementor-element-6054e9e elementor-section-boxed elementor-section-height-default elementor-section-height-default\" data-id=\"6054e9e\" data-element_type=\"section\" data-e-type=\"section\">\n\t\t\t\t\t\t<div class=\"elementor-container elementor-column-gap-default\">\n\t\t\t\t\t<div class=\"elementor-column elementor-col-100 elementor-top-column elementor-element elementor-element-ef6fb9b\" data-id=\"ef6fb9b\" data-element_type=\"column\" data-e-type=\"column\">\n\t\t\t<div class=\"elementor-widget-wrap elementor-element-populated\">\n\t\t\t\t\t\t<div class=\"elementor-element elementor-element-d74b7be elementor-widget elementor-widget-text-editor\" data-id=\"d74b7be\" data-element_type=\"widget\" data-e-type=\"widget\" data-widget_type=\"text-editor.default\">\n\t\t\t\t<div class=\"elementor-widget-container\">\n\t\t\t\t\t\t\t\t\t<p>Le centre de plong\u00e9e Blue Aqua est dirig\u00e9 par des professionnels francophones, Selina et Mustafa.<\/p>\n\t\t\t\t\t\t\t\t<\/div>\n\t\t\t\t<\/div>\n\t\t\t\t<div class=\"elementor-element elementor-element-6320ba7 elementor-widget elementor-widget-image\" data-id=\"6320ba7\" data-element_type=\"widget\" data-e-type=\"widget\" data-widget_type=\"image.default\">\n\t\t\t\t<div class=\"elementor-widget-container\">\n\t\t\t\t\t\t\t\t\t\t\t\t<figure class=\"wp-caption\">\n\t\t\t\t\t\t\t\t\t\t<img decoding=\"async\" src=\"https:\/\/blueaqua-gdc.com\/wp-content\/uploads\/elementor\/thumbs\/Foto-Mustafa-Selina-Tshirts-ql7d0yz5akub5tyis7pzkm9pmmlzgh98pskuduic00.jpeg\" title=\"Foto Mustafa Selina Tshirts\" alt=\"Foto Mustafa Selina Tshirts\" loading=\"lazy\" \/>\t\t\t\t\t\t\t\t\t\t\t<figcaption class=\"widget-image-caption wp-caption-text\">Mustafa &amp; Selina<\/figcaption>\n\t\t\t\t\t\t\t\t\t\t<\/figure>\n\t\t\t\t\t\t\t\t\t<\/div>\n\t\t\t\t<\/div>\n\t\t\t\t<div class=\"elementor-element elementor-element-b15d557 elementor-widget elementor-widget-text-editor\" data-id=\"b15d557\" data-element_type=\"widget\" data-e-type=\"widget\" data-widget_type=\"text-editor.default\">\n\t\t\t\t<div class=\"elementor-widget-container\">\n\t\t\t\t\t\t\t\t\t<p><span style=\"color: var( --e-global-color-text ); font-family: var( --e-global-typography-text-font-family ), Sans-serif; font-size: var( --e-global-typography-text-font-size ); font-weight: var( --e-global-typography-text-font-weight );\">L&rsquo;\u00e9quipe de Blue Aqua, bien form\u00e9e et exp\u00e9riment\u00e9e, dispense une formation multilingue selon les normes SSI. Sur demande, il est \u00e9galement possible d&rsquo;enseigner des cours selon le standard PADI.<\/span><\/p><p>De l&rsquo;Open Water Diver au Dive Master, tous les cours et toutes les sp\u00e9cialit\u00e9s courantes sont propos\u00e9s. Des bapt\u00eames de plong\u00e9e et des cours de plong\u00e9e pour les enfants \u00e0 partir de 8 ans sont \u00e9galement possibles.<\/p>\t\t\t\t\t\t\t\t<\/div>\n\t\t\t\t<\/div>\n\t\t\t\t<div class=\"elementor-element elementor-element-7193705 elementor-widget elementor-widget-image\" data-id=\"7193705\" data-element_type=\"widget\" data-e-type=\"widget\" data-widget_type=\"image.default\">\n\t\t\t\t<div class=\"elementor-widget-container\">\n\t\t\t\t\t\t\t\t\t\t\t\t<figure class=\"wp-caption\">\n\t\t\t\t\t\t\t\t\t\t<img fetchpriority=\"high\" decoding=\"async\" width=\"800\" height=\"600\" src=\"https:\/\/blueaqua-gdc.com\/wp-content\/uploads\/2025\/05\/bestes-Bild-1024x768.jpg\" class=\"attachment-large size-large wp-image-2515\" alt=\"\" srcset=\"https:\/\/blueaqua-gdc.com\/wp-content\/uploads\/2025\/05\/bestes-Bild-1024x768.jpg 1024w, https:\/\/blueaqua-gdc.com\/wp-content\/uploads\/2025\/05\/bestes-Bild-300x225.jpg 300w, https:\/\/blueaqua-gdc.com\/wp-content\/uploads\/2025\/05\/bestes-Bild-768x576.jpg 768w, https:\/\/blueaqua-gdc.com\/wp-content\/uploads\/2025\/05\/bestes-Bild-1536x1152.jpg 1536w, https:\/\/blueaqua-gdc.com\/wp-content\/uploads\/2025\/05\/bestes-Bild.jpg 1920w\" sizes=\"(max-width: 800px) 100vw, 800px\" \/>\t\t\t\t\t\t\t\t\t\t\t<figcaption class=\"widget-image-caption wp-caption-text\">Notre \u00e9quipe sur place<\/figcaption>\n\t\t\t\t\t\t\t\t\t\t<\/figure>\n\t\t\t\t\t\t\t\t\t<\/div>\n\t\t\t\t<\/div>\n\t\t\t\t\t<\/div>\n\t\t<\/div>\n\t\t\t\t\t<\/div>\n\t\t<\/section>\n\t\t\t\t<section class=\"elementor-section elementor-top-section elementor-element elementor-element-718531f elementor-section-boxed elementor-section-height-default elementor-section-height-default\" data-id=\"718531f\" data-element_type=\"section\" data-e-type=\"section\">\n\t\t\t\t\t\t<div class=\"elementor-container elementor-column-gap-default\">\n\t\t\t\t\t<div class=\"elementor-column elementor-col-100 elementor-top-column elementor-element elementor-element-0c043c9\" data-id=\"0c043c9\" data-element_type=\"column\" data-e-type=\"column\">\n\t\t\t<div class=\"elementor-widget-wrap\">\n\t\t\t\t\t\t\t<\/div>\n\t\t<\/div>\n\t\t\t\t\t<\/div>\n\t\t<\/section>\n\t\t\t\t<section class=\"elementor-section elementor-top-section elementor-element elementor-element-e8a226d elementor-section-boxed elementor-section-height-default elementor-section-height-default\" data-id=\"e8a226d\" data-element_type=\"section\" data-e-type=\"section\">\n\t\t\t\t\t\t<div class=\"elementor-container elementor-column-gap-default\">\n\t\t\t\t\t<div class=\"elementor-column elementor-col-100 elementor-top-column elementor-element elementor-element-db2cd45\" data-id=\"db2cd45\" data-element_type=\"column\" data-e-type=\"column\">\n\t\t\t<div class=\"elementor-widget-wrap elementor-element-populated\">\n\t\t\t\t\t\t<div class=\"elementor-element elementor-element-2ab260b elementor-widget elementor-widget-spacer\" data-id=\"2ab260b\" data-element_type=\"widget\" data-e-type=\"widget\" data-widget_type=\"spacer.default\">\n\t\t\t\t<div class=\"elementor-widget-container\">\n\t\t\t\t\t\t\t<div class=\"elementor-spacer\">\n\t\t\t<div class=\"elementor-spacer-inner\"><\/div>\n\t\t<\/div>\n\t\t\t\t\t\t<\/div>\n\t\t\t\t<\/div>\n\t\t\t\t\t<\/div>\n\t\t<\/div>\n\t\t\t\t\t<\/div>\n\t\t<\/section>\n\t\t\t\t<\/div>\n\t\t","protected":false},"excerpt":{"rendered":"<p>Notre \u00e9quipe Le centre de plong\u00e9e Blue Aqua est dirig\u00e9 par des professionnels francophones, Selina et Mustafa. Mustafa &amp; Selina L&rsquo;\u00e9quipe de Blue Aqua, bien form\u00e9e et exp\u00e9riment\u00e9e, dispense une formation multilingue selon les normes SSI. Sur demande, il est \u00e9galement possible d&rsquo;enseigner des cours selon le standard PADI. De l&rsquo;Open Water Diver au Dive [&hellip;]<\/p>\n","protected":false},"author":1,"featured_media":0,"parent":0,"menu_order":0,"comment_status":"closed","ping_status":"closed","template":"","meta":{"footnotes":""},"class_list":["post-1197","page","type-page","status-publish","hentry"],"aioseo_notices":[],"_links":{"self":[{"href":"https:\/\/blueaqua-gdc.com\/fr\/wp-json\/wp\/v2\/pages\/1197","targetHints":{"allow":["GET"]}}],"collection":[{"href":"https:\/\/blueaqua-gdc.com\/fr\/wp-json\/wp\/v2\/pages"}],"about":[{"href":"https:\/\/blueaqua-gdc.com\/fr\/wp-json\/wp\/v2\/types\/page"}],"author":[{"embeddable":true,"href":"https:\/\/blueaqua-gdc.com\/fr\/wp-json\/wp\/v2\/users\/1"}],"replies":[{"embeddable":true,"href":"https:\/\/blueaqua-gdc.com\/fr\/wp-json\/wp\/v2\/comments?post=1197"}],"version-history":[{"count":26,"href":"https:\/\/blueaqua-gdc.com\/fr\/wp-json\/wp\/v2\/pages\/1197\/revisions"}],"predecessor-version":[{"id":2596,"href":"https:\/\/blueaqua-gdc.com\/fr\/wp-json\/wp\/v2\/pages\/1197\/revisions\/2596"}],"wp:attachment":[{"href":"https:\/\/blueaqua-gdc.com\/fr\/wp-json\/wp\/v2\/media?parent=1197"}],"curies":[{"name":"wp","href":"https:\/\/api.w.org\/{rel}","templated":true}]}}