{"id":1208,"date":"2024-02-10T15:51:36","date_gmt":"2024-02-10T13:51:36","guid":{"rendered":"https:\/\/blueaqua-gdc.com\/sites-de-plongee\/"},"modified":"2025-02-16T14:21:52","modified_gmt":"2025-02-16T12:21:52","slug":"sites-de-plongee","status":"publish","type":"page","link":"https:\/\/blueaqua-gdc.com\/fr\/sites-de-plongee\/","title":{"rendered":"Sites de plong\u00e9e"},"content":{"rendered":"\t\t<div data-elementor-type=\"wp-page\" data-elementor-id=\"1208\" class=\"elementor elementor-1208 elementor-441\" data-elementor-post-type=\"page\">\n\t\t\t\t\t\t<section class=\"elementor-section elementor-top-section elementor-element elementor-element-3078fef elementor-section-boxed elementor-section-height-default elementor-section-height-default\" data-id=\"3078fef\" data-element_type=\"section\" data-e-type=\"section\" data-settings=\"{&quot;background_background&quot;:&quot;classic&quot;}\">\n\t\t\t\t\t\t<div class=\"elementor-container elementor-column-gap-default\">\n\t\t\t\t\t<div class=\"elementor-column elementor-col-100 elementor-top-column elementor-element elementor-element-3aa838a\" data-id=\"3aa838a\" data-element_type=\"column\" data-e-type=\"column\">\n\t\t\t<div class=\"elementor-widget-wrap elementor-element-populated\">\n\t\t\t\t\t\t<div class=\"elementor-element elementor-element-fdb99be elementor-widget elementor-widget-heading\" data-id=\"fdb99be\" data-element_type=\"widget\" data-e-type=\"widget\" data-widget_type=\"heading.default\">\n\t\t\t\t<div class=\"elementor-widget-container\">\n\t\t\t\t\t<h1 class=\"elementor-heading-title elementor-size-default\">Nos sites de plong\u00e9e<\/h1>\t\t\t\t<\/div>\n\t\t\t\t<\/div>\n\t\t\t\t\t<\/div>\n\t\t<\/div>\n\t\t\t\t\t<\/div>\n\t\t<\/section>\n\t\t\t\t<section class=\"elementor-section elementor-top-section elementor-element elementor-element-0039393 elementor-section-boxed elementor-section-height-default elementor-section-height-default\" data-id=\"0039393\" data-element_type=\"section\" data-e-type=\"section\">\n\t\t\t\t\t\t<div class=\"elementor-container elementor-column-gap-default\">\n\t\t\t\t\t<div class=\"elementor-column elementor-col-100 elementor-top-column elementor-element elementor-element-27f2f9b\" data-id=\"27f2f9b\" data-element_type=\"column\" data-e-type=\"column\">\n\t\t\t<div class=\"elementor-widget-wrap elementor-element-populated\">\n\t\t\t\t\t\t<div class=\"elementor-element elementor-element-59bda6f elementor-widget elementor-widget-text-editor\" data-id=\"59bda6f\" data-element_type=\"widget\" data-e-type=\"widget\" data-widget_type=\"text-editor.default\">\n\t\t\t\t<div class=\"elementor-widget-container\">\n\t\t\t\t\t\t\t\t\t<p>Notre \u00e9quipe exp\u00e9riment\u00e9e et d\u00e9vou\u00e9e vous fera d\u00e9couvrir la beaut\u00e9 du monde sous-marin de la mer Rouge lors de nos excursions en bateau. En plus de notre magnifique house reef, nous vous proposons des excursions vers plus de 20 sites de plong\u00e9e diff\u00e9rents et magnifiques, dont certains sont si grands et si int\u00e9ressants qu&rsquo;il faudrait plusieurs plong\u00e9es pour les voir en entier.<\/p><p>Des excursions hebdomadaires sont organis\u00e9es vers la fameuse \u00e9pave du ferry &lsquo;Salem Express&rsquo;, longue de 110 m\u00e8tres, ainsi que vers d&rsquo;autres sites de plong\u00e9e impressionnants comme Panorama Reef, Abu Kafan, Tobia Arbaa et Ras Abu Soma. Vous trouverez ci-dessous une carte g\u00e9n\u00e9rale de tous les sites de plong\u00e9e ainsi qu&rsquo;un fichier PDF avec des informations plus d\u00e9taill\u00e9es.<\/p><p>Les non-plongeurs et les plongeurs en apn\u00e9e sont \u00e9galement les bienvenus \u00e0 tout moment lors des excursions en bateau.<\/p>\t\t\t\t\t\t\t\t<\/div>\n\t\t\t\t<\/div>\n\t\t\t\t\t<\/div>\n\t\t<\/div>\n\t\t\t\t\t<\/div>\n\t\t<\/section>\n\t\t\t\t<section class=\"elementor-section elementor-top-section elementor-element elementor-element-af1d041 elementor-section-boxed elementor-section-height-default elementor-section-height-default\" data-id=\"af1d041\" data-element_type=\"section\" data-e-type=\"section\">\n\t\t\t\t\t\t<div class=\"elementor-container elementor-column-gap-default\">\n\t\t\t\t\t<div class=\"elementor-column elementor-col-50 elementor-top-column elementor-element elementor-element-e833177\" data-id=\"e833177\" data-element_type=\"column\" data-e-type=\"column\">\n\t\t\t<div class=\"elementor-widget-wrap elementor-element-populated\">\n\t\t\t\t\t\t<div class=\"elementor-element elementor-element-f6a4eb6 elementor-widget__width-initial elementor-widget elementor-widget-text-editor\" data-id=\"f6a4eb6\" data-element_type=\"widget\" data-e-type=\"widget\" data-widget_type=\"text-editor.default\">\n\t\t\t\t<div class=\"elementor-widget-container\">\n\t\t\t\t\t\t\t\t\t<p>0 \u2013 House Reef<\/p><p>1 \u2013 Abu Kafan &#8211; North<\/p><p>2 \u2013 Abu Kafan &#8211; South<\/p><p>3 \u2013 Abu Soma Garden<\/p><p>4 \u2013 Gamul Kebir &#8211; North<\/p><p>5 \u2013 Gamul Kebir &#8211; South<\/p><p>6 \u2013 Gamul Soraya<\/p><p>7 \u2013 Gamul Soraya &#8211; drift dive<\/p><p>8 \u2013 Middle Reef &#8211; North &#8211; drift dive<\/p><p>9 \u2013 Middle Reef &#8211; South<\/p><p>10 \u2013 Panorama &#8211; North &#8211; drift dive<\/p><p>11 \u2013 Panorama &#8211; South<\/p><p>12 \u2013 Ras Abu Soma &#8211; drift dive<\/p><p>13 \u2013 Salem Express Wreck<\/p><p>14 \u2013 Shaab Claude<\/p><p>15 \u2013 Shaab Hamdallah<\/p><p>16 \u2013 Shaab Quais<\/p><p>17 \u2013 Shaab Sheer &#8211; East<\/p><p>18 \u2013 Shaab Sheer &#8211; West<\/p><p>19 \u2013 Tobia Arbaa<\/p><p>20 \u2013 Tobia Hamra &#8211; North<\/p><p>21 \u2013 Tobia Hamra &#8211; South<\/p><p>22 \u2013 Tobia Island<\/p><p>23 \u2013 Tobia Kebir &#8211; North<\/p><p>24 \u2013 Tobia Kebir &#8211; South<\/p><p>25 \u2013 Tobia Soraya<\/p><p>26 \u2013 Tobia Soraya &#8211; drift dive<\/p><p>27 \u2013 Middle Abu Soma<\/p><p>28 \u2013 Tobia Island &#8211; drift dive<\/p><p>29 \u2013 Shaab Sheer Soraya<\/p>\t\t\t\t\t\t\t\t<\/div>\n\t\t\t\t<\/div>\n\t\t\t\t\t<\/div>\n\t\t<\/div>\n\t\t\t\t<div class=\"elementor-column elementor-col-50 elementor-top-column elementor-element elementor-element-4de4c8a\" data-id=\"4de4c8a\" data-element_type=\"column\" data-e-type=\"column\">\n\t\t\t<div class=\"elementor-widget-wrap elementor-element-populated\">\n\t\t\t\t\t\t<div class=\"elementor-element elementor-element-ef7cdaa elementor-widget elementor-widget-image\" data-id=\"ef7cdaa\" data-element_type=\"widget\" data-e-type=\"widget\" data-widget_type=\"image.default\">\n\t\t\t\t<div class=\"elementor-widget-container\">\n\t\t\t\t\t\t\t\t\t\t\t\t\t\t\t<img fetchpriority=\"high\" decoding=\"async\" width=\"683\" height=\"1024\" src=\"https:\/\/blueaqua-gdc.com\/wp-content\/uploads\/2024\/01\/divesites.jpg\" class=\"attachment-full size-full wp-image-1196\" alt=\"\" srcset=\"https:\/\/blueaqua-gdc.com\/wp-content\/uploads\/2024\/01\/divesites.jpg 683w, https:\/\/blueaqua-gdc.com\/wp-content\/uploads\/2024\/01\/divesites-200x300.jpg 200w\" sizes=\"(max-width: 683px) 100vw, 683px\" \/>\t\t\t\t\t\t\t\t\t\t\t\t\t\t\t<\/div>\n\t\t\t\t<\/div>\n\t\t\t\t\t<\/div>\n\t\t<\/div>\n\t\t\t\t\t<\/div>\n\t\t<\/section>\n\t\t\t\t<section class=\"elementor-section elementor-top-section elementor-element elementor-element-cdc0146 elementor-section-boxed elementor-section-height-default elementor-section-height-default\" data-id=\"cdc0146\" data-element_type=\"section\" data-e-type=\"section\">\n\t\t\t\t\t\t<div class=\"elementor-container elementor-column-gap-default\">\n\t\t\t\t\t<div class=\"elementor-column elementor-col-100 elementor-top-column elementor-element elementor-element-1c1b7f8\" data-id=\"1c1b7f8\" data-element_type=\"column\" data-e-type=\"column\">\n\t\t\t<div class=\"elementor-widget-wrap elementor-element-populated\">\n\t\t\t\t\t\t<div class=\"elementor-element elementor-element-056a9ba elementor-align-center elementor-widget elementor-widget-button\" data-id=\"056a9ba\" data-element_type=\"widget\" data-e-type=\"widget\" data-widget_type=\"button.default\">\n\t\t\t\t<div class=\"elementor-widget-container\">\n\t\t\t\t\t\t\t\t\t<div class=\"elementor-button-wrapper\">\n\t\t\t\t\t<a class=\"elementor-button elementor-button-link elementor-size-md\" href=\"https:\/\/blueaqua-gdc.com\/wp-content\/uploads\/2025\/02\/Divesites-Blue-Aqua-3.pdf\" target=\"_blank\">\n\t\t\t\t\t\t<span class=\"elementor-button-content-wrapper\">\n\t\t\t\t\t\t<span class=\"elementor-button-icon\">\n\t\t\t\t<svg aria-hidden=\"true\" class=\"e-font-icon-svg e-far-file-pdf\" viewBox=\"0 0 384 512\" xmlns=\"http:\/\/www.w3.org\/2000\/svg\"><path d=\"M369.9 97.9L286 14C277 5 264.8-.1 252.1-.1H48C21.5 0 0 21.5 0 48v416c0 26.5 21.5 48 48 48h288c26.5 0 48-21.5 48-48V131.9c0-12.7-5.1-25-14.1-34zM332.1 128H256V51.9l76.1 76.1zM48 464V48h160v104c0 13.3 10.7 24 24 24h104v288H48zm250.2-143.7c-12.2-12-47-8.7-64.4-6.5-17.2-10.5-28.7-25-36.8-46.3 3.9-16.1 10.1-40.6 5.4-56-4.2-26.2-37.8-23.6-42.6-5.9-4.4 16.1-.4 38.5 7 67.1-10 23.9-24.9 56-35.4 74.4-20 10.3-47 26.2-51 46.2-3.3 15.8 26 55.2 76.1-31.2 22.4-7.4 46.8-16.5 68.4-20.1 18.9 10.2 41 17 55.8 17 25.5 0 28-28.2 17.5-38.7zm-198.1 77.8c5.1-13.7 24.5-29.5 30.4-35-19 30.3-30.4 35.7-30.4 35zm81.6-190.6c7.4 0 6.7 32.1 1.8 40.8-4.4-13.9-4.3-40.8-1.8-40.8zm-24.4 136.6c9.7-16.9 18-37 24.7-54.7 8.3 15.1 18.9 27.2 30.1 35.5-20.8 4.3-38.9 13.1-54.8 19.2zm131.6-5s-5 6-37.3-7.8c35.1-2.6 40.9 5.4 37.3 7.8z\"><\/path><\/svg>\t\t\t<\/span>\n\t\t\t\t\t\t\t\t\t<span class=\"elementor-button-text\">Plus de d\u00e9tails sur les diff\u00e9rents sites de plong\u00e9e<\/span>\n\t\t\t\t\t<\/span>\n\t\t\t\t\t<\/a>\n\t\t\t\t<\/div>\n\t\t\t\t\t\t\t\t<\/div>\n\t\t\t\t<\/div>\n\t\t\t\t\t<\/div>\n\t\t<\/div>\n\t\t\t\t\t<\/div>\n\t\t<\/section>\n\t\t\t\t<\/div>\n\t\t","protected":false},"excerpt":{"rendered":"<p>Nos sites de plong\u00e9e Notre \u00e9quipe exp\u00e9riment\u00e9e et d\u00e9vou\u00e9e vous fera d\u00e9couvrir la beaut\u00e9 du monde sous-marin de la mer Rouge lors de nos excursions en bateau. En plus de notre magnifique house reef, nous vous proposons des excursions vers plus de 20 sites de plong\u00e9e diff\u00e9rents et magnifiques, dont certains sont si grands et [&hellip;]<\/p>\n","protected":false},"author":1,"featured_media":0,"parent":0,"menu_order":0,"comment_status":"closed","ping_status":"closed","template":"","meta":{"footnotes":""},"class_list":["post-1208","page","type-page","status-publish","hentry"],"aioseo_notices":[],"_links":{"self":[{"href":"https:\/\/blueaqua-gdc.com\/fr\/wp-json\/wp\/v2\/pages\/1208","targetHints":{"allow":["GET"]}}],"collection":[{"href":"https:\/\/blueaqua-gdc.com\/fr\/wp-json\/wp\/v2\/pages"}],"about":[{"href":"https:\/\/blueaqua-gdc.com\/fr\/wp-json\/wp\/v2\/types\/page"}],"author":[{"embeddable":true,"href":"https:\/\/blueaqua-gdc.com\/fr\/wp-json\/wp\/v2\/users\/1"}],"replies":[{"embeddable":true,"href":"https:\/\/blueaqua-gdc.com\/fr\/wp-json\/wp\/v2\/comments?post=1208"}],"version-history":[{"count":32,"href":"https:\/\/blueaqua-gdc.com\/fr\/wp-json\/wp\/v2\/pages\/1208\/revisions"}],"predecessor-version":[{"id":2461,"href":"https:\/\/blueaqua-gdc.com\/fr\/wp-json\/wp\/v2\/pages\/1208\/revisions\/2461"}],"wp:attachment":[{"href":"https:\/\/blueaqua-gdc.com\/fr\/wp-json\/wp\/v2\/media?parent=1208"}],"curies":[{"name":"wp","href":"https:\/\/api.w.org\/{rel}","templated":true}]}}